{"id":5,"date":"2019-05-08T12:17:34","date_gmt":"2019-05-08T12:17:34","guid":{"rendered":"http:\/\/productia.fi\/?page_id=5"},"modified":"2019-05-08T17:10:35","modified_gmt":"2019-05-08T17:10:35","slug":"productia","status":"publish","type":"page","link":"https:\/\/productia.fi\/","title":{"rendered":"PRODUCTIA"},"content":{"rendered":"\n<p>Productia Oy on tuotannonohjauksen asiantuntija. Ydinpalveluna on tuottavuuden parantamiseen t\u00e4ht\u00e4\u00e4v\u00e4 Lean Leadership, siihen liittyv\u00e4 strategia ja k\u00e4yt\u00e4nn\u00f6n toteutus, 5S -menetelm\u00e4, jatkuva parantaminen, prosessien Lean kehitt\u00e4minen sek\u00e4 asiakaskeskeinen toiminnan kehitt\u00e4minen.  <\/p>\n","protected":false},"excerpt":{"rendered":"<p>Productia Oy on tuotannonohjauksen asiantuntija. Ydinpalveluna on tuottavuuden parantamiseen t\u00e4ht\u00e4\u00e4v\u00e4 Lean Leadership, siihen liittyv\u00e4 strategia ja k\u00e4yt\u00e4nn\u00f6n toteutus, 5S -menetelm\u00e4, jatkuva parantaminen, prosessien Lean kehitt\u00e4minen sek\u00e4 asiakaskeskeinen toiminnan kehitt\u00e4minen.<\/p>\n","protected":false},"author":1,"featured_media":0,"parent":0,"menu_order":1,"comment_status":"closed","ping_status":"closed","template":"","meta":[],"_links":{"self":[{"href":"https:\/\/productia.fi\/index.php\/wp-json\/wp\/v2\/pages\/5"}],"collection":[{"href":"https:\/\/productia.fi\/index.php\/wp-json\/wp\/v2\/pages"}],"about":[{"href":"https:\/\/productia.fi\/index.php\/wp-json\/wp\/v2\/types\/page"}],"author":[{"embeddable":true,"href":"https:\/\/productia.fi\/index.php\/wp-json\/wp\/v2\/users\/1"}],"replies":[{"embeddable":true,"href":"https:\/\/productia.fi\/index.php\/wp-json\/wp\/v2\/comments?post=5"}],"version-history":[{"count":9,"href":"https:\/\/productia.fi\/index.php\/wp-json\/wp\/v2\/pages\/5\/revisions"}],"predecessor-version":[{"id":95,"href":"https:\/\/productia.fi\/index.php\/wp-json\/wp\/v2\/pages\/5\/revisions\/95"}],"wp:attachment":[{"href":"https:\/\/productia.fi\/index.php\/wp-json\/wp\/v2\/media?parent=5"}],"curies":[{"name":"wp","href":"https:\/\/api.w.org\/{rel}","templated":true}]}}