{"id":35,"date":"2019-05-08T14:35:00","date_gmt":"2019-05-08T14:35:00","guid":{"rendered":"https:\/\/productia.fi\/?page_id=35"},"modified":"2019-05-08T17:25:00","modified_gmt":"2019-05-08T17:25:00","slug":"antti","status":"publish","type":"page","link":"https:\/\/productia.fi\/index.php\/antti\/","title":{"rendered":"ANTTI KIVENNIEMI"},"content":{"rendered":"\n<figure class=\"wp-block-image\"><img loading=\"lazy\" width=\"336\" height=\"393\" src=\"https:\/\/productia.fi\/wp-content\/uploads\/2019\/05\/Antti-1.png\" alt=\"\" class=\"wp-image-99\" srcset=\"https:\/\/productia.fi\/wp-content\/uploads\/2019\/05\/Antti-1.png 336w, https:\/\/productia.fi\/wp-content\/uploads\/2019\/05\/Antti-1-256x300.png 256w\" sizes=\"(max-width: 336px) 85vw, 336px\" \/><figcaption>Antti Kivenniemi, KTM, yritt\u00e4j\u00e4, toimitusjohtaja<\/figcaption><\/figure>\n\n\n\n<p><strong>Asiakkaita<\/strong><\/p>\n\n\n\n<ul><li>Teknologiateollisuus: W\u00e4rtsil\u00e4, Luvata, ABB, Aker Yards, Nokia, lukuisia pk-yrityksi\u00e4, alihankintaa<\/li><li>Komposiitti, muovi: Exel<\/li><li>Mets\u00e4teollisuus: M-Real, UPM, pk-yritykset, oma yritystoiminta<\/li><li>Elintarvike: Valio, Vaasan&amp;Vaasan, Sinebrychoff, Hartwall, V&amp;S<\/li><li>Rakennusala: YIT, NCC, oma yritystoiminta<\/li><li>Telakat: Hki, Turku, Rauma, Aker Finnyards<\/li><li>Julkiset palvelut: kuntia, terveydenhoito- ja hoiva-alan toimijoita<\/li><li>Lukuisia projekteja pk-yrityksiss\u00e4<\/li><li>Koulutusala: Savonia amk, Rastor, Jamk, Talent Partners, Helsingin kauppakorkeakoulu, Johtamistaidon Opisto, MIF, AEL <\/li><\/ul>\n\n\n\n<p><strong>Ty\u00f6historia<\/strong><\/p>\n\n\n\n<ul><li>Arktinen Taivas Oy (Arctic Heaven Ltd, Tiglo) hallituksen pj. 2018 &#8211;<\/li><li>Productia Oy, yritt\u00e4j\u00e4, kouluttaja, Senior Executive Consultant 2007 &#8211;<ul><li>Projekteja, osakas, toimitusjohtaja, mentori, coach, valmentaja, projektip\u00e4\u00e4llikk\u00f6, konsultti, hallituksenj\u00e4senyyksi\u00e4<\/li><\/ul><\/li><li>Talent Partners, Senior Executive Consultant 2006 &#8211;<\/li><li>Johtamistaidon Opisto, JTO-Palvelut Oy, kehitt\u00e4misasiantuntija 1999 &#8211; 2005, itsen\u00e4isen\u00e4 1997 &#8211; 1999 ja 2007 &#8211; 2011<\/li><li>Projektip\u00e4\u00e4llikk\u00f6, konsultti 1987 &#8211; 1999<\/li><li>Yritt\u00e4j\u00e4, rakentaminen, maa- ja mets\u00e4talous 198 &#8211; 1999<\/li><li>Controller, Kone Oy, 1986<\/li><\/ul>\n\n\n\n<p><strong>Koulutus<\/strong><\/p>\n\n\n\n<ul><li>Kauppatieteiden maisteri, laskentaekonomi, oikeustieteen, kansantaloustieteen ja aikuiskasvatuksen opintoja, NTM arvioija<\/li><li>Laadun, tuottavuuden, ty\u00f6ntutkimuksen, Lean kurssit JTO<\/li><li>Yritt\u00e4j\u00e4opisto<\/li><li>Ylioppilas, elektroniikka-asentaja, res.luutnantti<\/li><li>1. dan karate Mitsusuke Harada, Karate do Shotokai<\/li><\/ul>\n","protected":false},"excerpt":{"rendered":"<p>Asiakkaita Teknologiateollisuus: W\u00e4rtsil\u00e4, Luvata, ABB, Aker Yards, Nokia, lukuisia pk-yrityksi\u00e4, alihankintaa Komposiitti, muovi: Exel Mets\u00e4teollisuus: M-Real, UPM, pk-yritykset, oma yritystoiminta Elintarvike: Valio, Vaasan&amp;Vaasan, Sinebrychoff, Hartwall, V&amp;S Rakennusala: YIT, NCC, oma yritystoiminta Telakat: Hki, Turku, Rauma, Aker Finnyards Julkiset palvelut: kuntia, terveydenhoito- ja hoiva-alan toimijoita Lukuisia projekteja pk-yrityksiss\u00e4 Koulutusala: Savonia amk, Rastor, Jamk, Talent Partners, Helsingin &hellip; <a href=\"https:\/\/productia.fi\/index.php\/antti\/\" class=\"more-link\">Jatka lukemista<span class=\"screen-reader-text\"> &#8221;ANTTI KIVENNIEMI&#8221;<\/span><\/a><\/p>\n","protected":false},"author":1,"featured_media":0,"parent":0,"menu_order":3,"comment_status":"closed","ping_status":"closed","template":"","meta":[],"_links":{"self":[{"href":"https:\/\/productia.fi\/index.php\/wp-json\/wp\/v2\/pages\/35"}],"collection":[{"href":"https:\/\/productia.fi\/index.php\/wp-json\/wp\/v2\/pages"}],"about":[{"href":"https:\/\/productia.fi\/index.php\/wp-json\/wp\/v2\/types\/page"}],"author":[{"embeddable":true,"href":"https:\/\/productia.fi\/index.php\/wp-json\/wp\/v2\/users\/1"}],"replies":[{"embeddable":true,"href":"https:\/\/productia.fi\/index.php\/wp-json\/wp\/v2\/comments?post=35"}],"version-history":[{"count":12,"href":"https:\/\/productia.fi\/index.php\/wp-json\/wp\/v2\/pages\/35\/revisions"}],"predecessor-version":[{"id":102,"href":"https:\/\/productia.fi\/index.php\/wp-json\/wp\/v2\/pages\/35\/revisions\/102"}],"wp:attachment":[{"href":"https:\/\/productia.fi\/index.php\/wp-json\/wp\/v2\/media?parent=35"}],"curies":[{"name":"wp","href":"https:\/\/api.w.org\/{rel}","templated":true}]}}