{"id":33,"date":"2019-05-08T14:33:53","date_gmt":"2019-05-08T14:33:53","guid":{"rendered":"https:\/\/productia.fi\/?page_id=33"},"modified":"2019-05-08T16:19:11","modified_gmt":"2019-05-08T16:19:11","slug":"palvelut","status":"publish","type":"page","link":"https:\/\/productia.fi\/index.php\/palvelut\/","title":{"rendered":"PALVELUT"},"content":{"rendered":"\n<div class=\"wp-block-columns has-2-columns\">\n<div class=\"wp-block-column\">\n<p><strong>Lean Leadership<\/strong><\/p>\n<\/div>\n\n\n\n<div class=\"wp-block-column\">\n<p><strong>HRM<\/strong><\/p>\n<\/div>\n<\/div>\n\n\n\n<div class=\"wp-block-columns has-2-columns\">\n<div class=\"wp-block-column\">\n<p>Strategia ja k\u00e4yt\u00e4nn\u00f6n toteutus, tpm, 5S -menetelm\u00e4t, jatkuva parantaminen, prosessien Lean kehitt\u00e4minen, asiakaskeskeinen toiminnan kehitt\u00e4minen.<\/p>\n<\/div>\n\n\n\n<div class=\"wp-block-column\">\n<p>Henkil\u00f6st\u00f6n kehitt\u00e4minen, koulutus, koulutusprojektien suunnittelu ja toteutus, ty\u00f6ntutkimus.<\/p>\n<\/div>\n<\/div>\n\n\n\n<div class=\"wp-block-columns has-2-columns\">\n<div class=\"wp-block-column\">\n<p><strong>Yritystalous<\/strong><\/p>\n\n\n\n<p>Kirjanpidon ja laskennan koulutus ja konsultointi, kannattava kasvu ja vastuullinen tuottavuus.<\/p>\n<\/div>\n\n\n\n<div class=\"wp-block-column\">\n<p><strong>Erikoisammattitutkinnot<\/strong><\/p>\n\n\n\n<p>Koulutusprojektit, tutkintojen arviointi, NTM: YJEAT, YAT, JET, TEAT, kaupan esimiehen EAT, TuotkEAT, Liikenneyritt\u00e4j\u00e4koulutusten liiketoiminnan suunnittelu ja talousosaaminen.<\/p>\n<\/div>\n<\/div>\n\n\n\n<p><\/p>\n","protected":false},"excerpt":{"rendered":"<p>Lean Leadership HRM Strategia ja k\u00e4yt\u00e4nn\u00f6n toteutus, tpm, 5S -menetelm\u00e4t, jatkuva parantaminen, prosessien Lean kehitt\u00e4minen, asiakaskeskeinen toiminnan kehitt\u00e4minen. Henkil\u00f6st\u00f6n kehitt\u00e4minen, koulutus, koulutusprojektien suunnittelu ja toteutus, ty\u00f6ntutkimus. Yritystalous Kirjanpidon ja laskennan koulutus ja konsultointi, kannattava kasvu ja vastuullinen tuottavuus. Erikoisammattitutkinnot Koulutusprojektit, tutkintojen arviointi, NTM: YJEAT, YAT, JET, TEAT, kaupan esimiehen EAT, TuotkEAT, Liikenneyritt\u00e4j\u00e4koulutusten liiketoiminnan suunnittelu ja &hellip; <a href=\"https:\/\/productia.fi\/index.php\/palvelut\/\" class=\"more-link\">Jatka lukemista<span class=\"screen-reader-text\"> &#8221;PALVELUT&#8221;<\/span><\/a><\/p>\n","protected":false},"author":1,"featured_media":0,"parent":0,"menu_order":2,"comment_status":"closed","ping_status":"closed","template":"","meta":[],"_links":{"self":[{"href":"https:\/\/productia.fi\/index.php\/wp-json\/wp\/v2\/pages\/33"}],"collection":[{"href":"https:\/\/productia.fi\/index.php\/wp-json\/wp\/v2\/pages"}],"about":[{"href":"https:\/\/productia.fi\/index.php\/wp-json\/wp\/v2\/types\/page"}],"author":[{"embeddable":true,"href":"https:\/\/productia.fi\/index.php\/wp-json\/wp\/v2\/users\/1"}],"replies":[{"embeddable":true,"href":"https:\/\/productia.fi\/index.php\/wp-json\/wp\/v2\/comments?post=33"}],"version-history":[{"count":5,"href":"https:\/\/productia.fi\/index.php\/wp-json\/wp\/v2\/pages\/33\/revisions"}],"predecessor-version":[{"id":80,"href":"https:\/\/productia.fi\/index.php\/wp-json\/wp\/v2\/pages\/33\/revisions\/80"}],"wp:attachment":[{"href":"https:\/\/productia.fi\/index.php\/wp-json\/wp\/v2\/media?parent=33"}],"curies":[{"name":"wp","href":"https:\/\/api.w.org\/{rel}","templated":true}]}}